{"id":6,"date":"2014-11-15T11:58:52","date_gmt":"2014-11-15T09:58:52","guid":{"rendered":"http:\/\/schlodererbraeu.de\/?page_id=6"},"modified":"2026-01-10T11:02:03","modified_gmt":"2026-01-10T09:02:03","slug":"startseite","status":"publish","type":"page","link":"https:\/\/schlodererbraeu.de\/","title":{"rendered":"Servus und Gr\u00fc\u00df Gott"},"content":{"rendered":"<p>&nbsp;<\/p>\n<p><strong>&#8222;Einkehren&nbsp;und&nbsp;verw\u00f6hnen lassen&#8220;, so k\u00f6nnte man die Erlebnisgastronomie Schloderer Br\u00e4u mit einem kurzen Satz umschreiben. Im Herzen der Altstadt Ambergs gelegen, ist es ein Kleinod heimischer Lebenskultur.<\/strong><\/p>\n<p><strong>Lernen Sie Amberg doch mal kennen, wo es am sch\u00f6nsten ist \u2013 mitten in der Altstadt am Rathaus.<\/strong><\/p>\n<p><img loading=\"lazy\" decoding=\"async\" class=\"aligncenter size-medium wp-image-560\" src=\"https:\/\/schlodererbraeu.de\/wp-content\/uploads\/20250531_115027-225x300.jpg\" alt=\"\" width=\"225\" height=\"300\" srcset=\"https:\/\/schlodererbraeu.de\/wp-content\/uploads\/20250531_115027-225x300.jpg 225w, https:\/\/schlodererbraeu.de\/wp-content\/uploads\/20250531_115027-769x1024.jpg 769w, https:\/\/schlodererbraeu.de\/wp-content\/uploads\/20250531_115027-768x1023.jpg 768w, https:\/\/schlodererbraeu.de\/wp-content\/uploads\/20250531_115027-1153x1536.jpg 1153w, https:\/\/schlodererbraeu.de\/wp-content\/uploads\/20250531_115027-1537x2048.jpg 1537w, https:\/\/schlodererbraeu.de\/wp-content\/uploads\/20250531_115027-scaled.jpg 1922w\" sizes=\"auto, (max-width: 225px) 100vw, 225px\" \/><\/p>\n<p><strong>Dem Brauer auf die Finger schauen&#8230;<\/strong><\/p>\n<p><strong>&#8230;das k\u00f6nnen Sie im Schloderer Br\u00e4u. Denn Sie sitzen genau neben dem Braukessel und haben den Brauer bzw. unsere Brauerin immer im Visier. So k\u00f6nnen Sie bei einem frisch gezapften Bier hautnah miterleben, wie dieses nach alter Haustradition gebraut wird. Zum Beispiel das hopfige Hell, das rauchige Dunkel oder das prickelnde Weizen.<img loading=\"lazy\" decoding=\"async\" class=\"aligncenter size-medium wp-image-559\" src=\"https:\/\/schlodererbraeu.de\/wp-content\/uploads\/20250307_180751-169x300.jpg\" alt=\"\" width=\"169\" height=\"300\" srcset=\"https:\/\/schlodererbraeu.de\/wp-content\/uploads\/20250307_180751-169x300.jpg 169w, https:\/\/schlodererbraeu.de\/wp-content\/uploads\/20250307_180751-577x1024.jpg 577w, https:\/\/schlodererbraeu.de\/wp-content\/uploads\/20250307_180751-768x1364.jpg 768w, https:\/\/schlodererbraeu.de\/wp-content\/uploads\/20250307_180751-865x1536.jpg 865w, https:\/\/schlodererbraeu.de\/wp-content\/uploads\/20250307_180751-1153x2048.jpg 1153w, https:\/\/schlodererbraeu.de\/wp-content\/uploads\/20250307_180751-scaled.jpg 1442w\" sizes=\"auto, (max-width: 169px) 100vw, 169px\" \/><\/strong><br \/>\n<strong>Wenn es das Wort &#8222;Vielfalt&#8220; nicht g\u00e4be&#8230;<\/strong><\/p>\n<p><strong>Abwechslung steht hier hoch im Kurs und frische Zutaten aus der Heimat auf dem Einkaufszettel des K\u00fcchenchefs.<\/strong><br \/>\n<strong>Und&nbsp;\u2013 alles frisch zubereitet! Wer\u2019s nicht glaubt, kann einen Blick in die offene K\u00fcche werfen.<\/strong><\/p>\n<p><strong>Treffen wir uns auf einen Kaffee? Ja, aber bitte im Schloderer!<\/strong><\/p>\n<p><a href=\"http:\/\/schlodererbraeu.de\/wp-content\/uploads\/DSC_0878.jpg\"><img loading=\"lazy\" decoding=\"async\" class=\"aligncenter size-medium wp-image-336\" src=\"http:\/\/schlodererbraeu.de\/wp-content\/uploads\/DSC_0878-300x200.jpg\" alt=\"DSC_0878\" width=\"300\" height=\"200\" srcset=\"https:\/\/schlodererbraeu.de\/wp-content\/uploads\/DSC_0878-300x200.jpg 300w, https:\/\/schlodererbraeu.de\/wp-content\/uploads\/DSC_0878-1024x684.jpg 1024w, https:\/\/schlodererbraeu.de\/wp-content\/uploads\/DSC_0878.jpg 1280w\" sizes=\"auto, (max-width: 300px) 100vw, 300px\" \/><\/a><\/p>\n<p><strong>So oder \u00e4hnlich k\u00f6nnte eine gelungene Verabredung beginnen. Zumindest, wenn man sich in Amberg tags\u00fcber mit Freunden oder Arbeitskollegen treffen m\u00f6chte. Wie es nach der Verabredung dann weitergeht, probieren Sie am besten selbst aus.<\/strong><\/p>\n<p><img loading=\"lazy\" decoding=\"async\" class=\"aligncenter size-medium wp-image-562\" src=\"https:\/\/schlodererbraeu.de\/wp-content\/uploads\/1000017127-1-300x225.jpg\" alt=\"\" width=\"300\" height=\"225\" srcset=\"https:\/\/schlodererbraeu.de\/wp-content\/uploads\/1000017127-1-300x225.jpg 300w, https:\/\/schlodererbraeu.de\/wp-content\/uploads\/1000017127-1-1024x768.jpg 1024w, https:\/\/schlodererbraeu.de\/wp-content\/uploads\/1000017127-1-768x576.jpg 768w, https:\/\/schlodererbraeu.de\/wp-content\/uploads\/1000017127-1-1536x1152.jpg 1536w, https:\/\/schlodererbraeu.de\/wp-content\/uploads\/1000017127-1-2048x1536.jpg 2048w\" sizes=\"auto, (max-width: 300px) 100vw, 300px\" \/><\/p>\n<p><strong>Hier beginnt das Nachtleben&#8230;<\/strong><\/p>\n<p><strong>im Bistro des Schloderer Br\u00e4us nimmt der Abend so richtig Gestalt an. Hier trifft man sich, um zu Plauschen, zu Fachsimpeln, um alte Freunde zu sehen oder neue kennenzulernen.<\/strong><\/p>\n<p>&nbsp;<\/p>\n<p><a href=\"http:\/\/schlodererbraeu.de\/wp-content\/uploads\/IMG_3791.jpg\"><img loading=\"lazy\" decoding=\"async\" class=\"aligncenter size-medium wp-image-337\" src=\"http:\/\/schlodererbraeu.de\/wp-content\/uploads\/IMG_3791-300x225.jpg\" alt=\"IMG_3791\" width=\"300\" height=\"225\" srcset=\"https:\/\/schlodererbraeu.de\/wp-content\/uploads\/IMG_3791-300x225.jpg 300w, https:\/\/schlodererbraeu.de\/wp-content\/uploads\/IMG_3791-1024x768.jpg 1024w, https:\/\/schlodererbraeu.de\/wp-content\/uploads\/IMG_3791.jpg 1280w\" sizes=\"auto, (max-width: 300px) 100vw, 300px\" \/><\/a><\/p>\n<p><strong>&#8230;und hier findet es seinen H\u00f6hepunkt&#8230;<\/strong><\/p>\n<p><strong>&#8230;je sp\u00e4ter der Abend, desto lustiger die G\u00e4ste. Denn die neuen Freundschaften m\u00fcssen hier erst mal besiegelt und begossen werden. Dann halten sie n\u00e4mlich l\u00e4nger. Probieren Sie\u2019s aus!<\/strong><\/p>\n<p><a href=\"http:\/\/schlodererbraeu.de\/wp-content\/uploads\/IMG_0517.jpg\"><img loading=\"lazy\" decoding=\"async\" class=\"aligncenter size-medium wp-image-355\" src=\"http:\/\/schlodererbraeu.de\/wp-content\/uploads\/IMG_0517-300x200.jpg\" alt=\"IMG_0517\" width=\"300\" height=\"200\" srcset=\"https:\/\/schlodererbraeu.de\/wp-content\/uploads\/IMG_0517-300x200.jpg 300w, https:\/\/schlodererbraeu.de\/wp-content\/uploads\/IMG_0517-1024x682.jpg 1024w\" sizes=\"auto, (max-width: 300px) 100vw, 300px\" \/><\/a><br \/>\n<strong>M<\/strong><strong>it 300 Innen- und 140 Au\u00dfensitzpl\u00e4tzen ist das Schloderer Br\u00e4u auf Familien-, Vereins- oder Firmenfeiern bestens vorbereitet.<\/strong><br \/>\n<strong>Fragen Sie uns einfach, wir beraten Sie gern!<\/strong><\/p>\n<p><img loading=\"lazy\" decoding=\"async\" class=\"aligncenter size-medium wp-image-561\" src=\"https:\/\/schlodererbraeu.de\/wp-content\/uploads\/20240407_094453-1-225x300.jpg\" alt=\"\" width=\"225\" height=\"300\" srcset=\"https:\/\/schlodererbraeu.de\/wp-content\/uploads\/20240407_094453-1-225x300.jpg 225w, https:\/\/schlodererbraeu.de\/wp-content\/uploads\/20240407_094453-1-768x1024.jpg 768w, https:\/\/schlodererbraeu.de\/wp-content\/uploads\/20240407_094453-1-1152x1536.jpg 1152w, https:\/\/schlodererbraeu.de\/wp-content\/uploads\/20240407_094453-1-1536x2048.jpg 1536w, https:\/\/schlodererbraeu.de\/wp-content\/uploads\/20240407_094453-1-scaled.jpg 1920w\" sizes=\"auto, (max-width: 225px) 100vw, 225px\" \/><\/p>\n<p><strong>Amberger Bergfest&#8230;<\/strong><\/p>\n<p><strong>Seit 2006 und inzwischen schon Tradition: das Schloderer Zelt am Amberger Bergfest.<\/strong><br \/>\n<strong>Biergarten-Atmosph\u00e4re &#8211; da l\u00e4\u00dft sich die eigens gebraute &#8222;Bergma\u00df&#8220; im Schatten der B\u00e4ume oder im Zelt genie\u00dfen.<\/strong><\/p>\n<p><a href=\"http:\/\/schlodererbraeu.de\/wp-content\/uploads\/Bergfest.jpg\"><img loading=\"lazy\" decoding=\"async\" class=\"aligncenter size-medium wp-image-567\" src=\"https:\/\/schlodererbraeu.de\/wp-content\/uploads\/Bergfest-1-300x200.jpg\" alt=\"\" width=\"300\" height=\"200\" srcset=\"https:\/\/schlodererbraeu.de\/wp-content\/uploads\/Bergfest-1-300x200.jpg 300w, https:\/\/schlodererbraeu.de\/wp-content\/uploads\/Bergfest-1-1024x683.jpg 1024w, https:\/\/schlodererbraeu.de\/wp-content\/uploads\/Bergfest-1-768x512.jpg 768w, https:\/\/schlodererbraeu.de\/wp-content\/uploads\/Bergfest-1-1536x1024.jpg 1536w, https:\/\/schlodererbraeu.de\/wp-content\/uploads\/Bergfest-1-2048x1365.jpg 2048w\" sizes=\"auto, (max-width: 300px) 100vw, 300px\" \/><img loading=\"lazy\" decoding=\"async\" class=\"aligncenter size-medium wp-image-563\" src=\"https:\/\/schlodererbraeu.de\/wp-content\/uploads\/IMG-20240707-WA0046-300x225.jpg\" alt=\"\" width=\"300\" height=\"225\" srcset=\"https:\/\/schlodererbraeu.de\/wp-content\/uploads\/IMG-20240707-WA0046-300x225.jpg 300w, https:\/\/schlodererbraeu.de\/wp-content\/uploads\/IMG-20240707-WA0046-1024x768.jpg 1024w, https:\/\/schlodererbraeu.de\/wp-content\/uploads\/IMG-20240707-WA0046-768x576.jpg 768w, https:\/\/schlodererbraeu.de\/wp-content\/uploads\/IMG-20240707-WA0046-1536x1152.jpg 1536w, https:\/\/schlodererbraeu.de\/wp-content\/uploads\/IMG-20240707-WA0046-2048x1536.jpg 2048w\" sizes=\"auto, (max-width: 300px) 100vw, 300px\" \/><img loading=\"lazy\" decoding=\"async\" class=\"aligncenter size-medium wp-image-382\" src=\"http:\/\/schlodererbraeu.de\/wp-content\/uploads\/Bergfest-300x225.jpg\" alt=\"Bergfest\" width=\"300\" height=\"225\" srcset=\"https:\/\/schlodererbraeu.de\/wp-content\/uploads\/Bergfest-300x225.jpg 300w, https:\/\/schlodererbraeu.de\/wp-content\/uploads\/Bergfest-1024x768.jpg 1024w\" sizes=\"auto, (max-width: 300px) 100vw, 300px\" \/><\/a><\/p>\n<p>&nbsp;<\/p>\n<p>&nbsp;<\/p>\n<p><strong>Und dann gibt es da noch diesen Film:<\/strong><\/p>\n<p>&nbsp;<\/p>\n<p><a href=\"http:\/\/https:\/\/www.youtube.com\/watch?v=YJjYA3dsCks&amp;sns=em\">&nbsp;https:\/\/www.youtube.com\/watch?v=YJjYA3dsCks&amp;sns=em<\/a><\/p>\n<p>&nbsp;<\/p>\n<p><strong>Empfehlungen<\/strong><\/p>\n<p><a href=\"http:\/\/schlodererbraeu.de\/wp-content\/uploads\/hotel_brunner_logo_2016_color.png\"><img loading=\"lazy\" decoding=\"async\" class=\"aligncenter size-medium wp-image-316\" src=\"http:\/\/schlodererbraeu.de\/wp-content\/uploads\/hotel_brunner_logo_2016_color-300x128.png\" alt=\"hotel_brunner_logo_2016_color\" width=\"300\" height=\"128\" srcset=\"https:\/\/schlodererbraeu.de\/wp-content\/uploads\/hotel_brunner_logo_2016_color-300x128.png 300w, https:\/\/schlodererbraeu.de\/wp-content\/uploads\/hotel_brunner_logo_2016_color.png 800w\" sizes=\"auto, (max-width: 300px) 100vw, 300px\" \/><\/a><\/p>\n<div id=\"attachment_319\" style=\"width: 106px\" class=\"wp-caption aligncenter\"><a href=\"http:\/\/schlodererbraeu.de\/wp-content\/uploads\/vh-logo-label.png\"><img loading=\"lazy\" decoding=\"async\" aria-describedby=\"caption-attachment-319\" class=\"wp-image-319 size-full\" src=\"http:\/\/schlodererbraeu.de\/wp-content\/uploads\/vh-logo-label.png\" alt=\"vh-logo-label\" width=\"96\" height=\"96\"><\/a><p id=\"caption-attachment-319\" class=\"wp-caption-text\">Vienna House Easy Amberg<\/p><\/div>\n<p>&nbsp;<\/p>\n<p><a href=\"http:\/\/schlodererbraeu.de\/wp-content\/uploads\/logo_hotelfronfeste.jpg\"><img loading=\"lazy\" decoding=\"async\" class=\"aligncenter size-medium wp-image-321\" src=\"http:\/\/schlodererbraeu.de\/wp-content\/uploads\/logo_hotelfronfeste-300x181.jpg\" alt=\"logo_hotelfronfeste\" width=\"300\" height=\"181\" srcset=\"https:\/\/schlodererbraeu.de\/wp-content\/uploads\/logo_hotelfronfeste-300x181.jpg 300w, https:\/\/schlodererbraeu.de\/wp-content\/uploads\/logo_hotelfronfeste-1024x619.jpg 1024w\" sizes=\"auto, (max-width: 300px) 100vw, 300px\" \/><\/a><\/p>\n<p>&nbsp;<\/p>\n<h4><img loading=\"lazy\" decoding=\"async\" class=\"aligncenter size-full wp-image-525\" src=\"https:\/\/schlodererbraeu.de\/wp-content\/uploads\/allee.jpg.gif\" alt=\"\" width=\"162\" height=\"106\"><\/h4>\n","protected":false},"excerpt":{"rendered":"<p>&nbsp; &#8222;Einkehren&nbsp;und&nbsp;verw\u00f6hnen lassen&#8220;, so k\u00f6nnte man die Erlebnisgastronomie Schloderer Br\u00e4u mit einem kurzen Satz umschreiben. Im Herzen der Altstadt Ambergs gelegen, ist es ein Kleinod heimischer Lebenskultur. Lernen Sie Amberg doch mal kennen, wo es am sch\u00f6nsten ist \u2013 mitten in der Altstadt am Rathaus. Dem Brauer auf die Finger schauen&#8230; &#8230;das k\u00f6nnen Sie im [&hellip;]<\/p>\n","protected":false},"author":1,"featured_media":0,"parent":0,"menu_order":0,"comment_status":"open","ping_status":"closed","template":"","meta":{"ngg_post_thumbnail":0,"footnotes":""},"class_list":["post-6","page","type-page","status-publish","hentry"],"aioseo_notices":[],"_links":{"self":[{"href":"https:\/\/schlodererbraeu.de\/index.php?rest_route=\/wp\/v2\/pages\/6","targetHints":{"allow":["GET"]}}],"collection":[{"href":"https:\/\/schlodererbraeu.de\/index.php?rest_route=\/wp\/v2\/pages"}],"about":[{"href":"https:\/\/schlodererbraeu.de\/index.php?rest_route=\/wp\/v2\/types\/page"}],"author":[{"embeddable":true,"href":"https:\/\/schlodererbraeu.de\/index.php?rest_route=\/wp\/v2\/users\/1"}],"replies":[{"embeddable":true,"href":"https:\/\/schlodererbraeu.de\/index.php?rest_route=%2Fwp%2Fv2%2Fcomments&post=6"}],"version-history":[{"count":73,"href":"https:\/\/schlodererbraeu.de\/index.php?rest_route=\/wp\/v2\/pages\/6\/revisions"}],"predecessor-version":[{"id":577,"href":"https:\/\/schlodererbraeu.de\/index.php?rest_route=\/wp\/v2\/pages\/6\/revisions\/577"}],"wp:attachment":[{"href":"https:\/\/schlodererbraeu.de\/index.php?rest_route=%2Fwp%2Fv2%2Fmedia&parent=6"}],"curies":[{"name":"wp","href":"https:\/\/api.w.org\/{rel}","templated":true}]}}